{"id":12567,"date":"2022-10-29T11:43:37","date_gmt":"2022-10-29T07:43:37","guid":{"rendered":"https:\/\/asmedical.az\/?page_id=12567"},"modified":"2025-07-24T13:41:33","modified_gmt":"2025-07-24T13:41:33","slug":"missiya-v%c9%99-baxis","status":"publish","type":"page","link":"https:\/\/asmedical.az\/?page_id=12567","title":{"rendered":"Missiya v\u0259 bax\u0131\u015f"},"content":{"rendered":"<p>[vc_row][vc_column width=&#8221;1\/2&#8243;][vc_hoverbox image=&#8221;12573&#8243; primary_title=&#8221;Missiya&#8221; hover_title=&#8221;Missiyam\u0131z:&#8221; css=&#8221;.vc_custom_1753364480244{padding-top: 40px !important;padding-bottom: 15px !important;}&#8221;]<\/p>\n<p>&nbsp;<\/p>\n<p>&nbsp;<\/p>\n<ul>\n<li>M\u00fc\u015ft\u0259ri ehtiyaclar\u0131n\u0131 \u0259n y\u00fcks\u0259k s\u0259viyy\u0259d\u0259 qar\u015f\u0131lamaq<\/li>\n<li>Etibarl\u0131 v\u0259 uzunm\u00fcdd\u0259tli t\u0259r\u0259fda\u015fl\u0131qlar qurmaq<\/li>\n<li>S\u0259hiyy\u0259 sah\u0259sind\u0259 innovativ v\u0259 effektiv h\u0259ll\u0259r t\u0259qdim etm\u0259k<\/li>\n<li>Keyfiyy\u0259t, etika v\u0259 \u015f\u0259ffafl\u0131q prinsipl\u0259rin\u0259 \u0259saslanmaq<\/li>\n<li>Komanda ruhu v\u0259 davaml\u0131 t\u0259liml\u0259 inki\u015faf\u0131 t\u0259\u015fviq etm\u0259k<\/li>\n<li>Sosial m\u0259suliyy\u0259t\u0259 \u00f6n\u0259m ver\u0259r\u0259k c\u0259miyy\u0259t\u0259 t\u00f6hf\u0259 verm\u0259k<\/li>\n<li>Texnologiya il\u0259 ayaqla\u015faraq m\u00fcasir tibbi xidm\u0259tl\u0259r\u0259 d\u0259st\u0259k olmaq<\/li>\n<\/ul>\n<p>[\/vc_hoverbox][\/vc_column][vc_column width=&#8221;1\/2&#8243;][vc_hoverbox image=&#8221;12574&#8243; primary_title=&#8221;Bax\u0131\u015f&#8221; hover_title=&#8221;Bax\u0131\u015f&#8221; css=&#8221;.vc_custom_1753364492321{padding-top: 40px !important;padding-bottom: 15px !important;}&#8221;]M\u0259qs\u0259dimiz s\u0259hiyy\u0259 sah\u0259sind\u0259 innovasiya v\u0259 y\u00fcks\u0259k keyfiyy\u0259t standartlar\u0131n\u0131 \u00f6z\u00fcnd\u0259 birl\u0259\u015fdir\u0259n, elmi-texniki yenilikl\u0259r\u0259 daim a\u00e7\u0131q olan, regionda v\u0259 beyn\u0259lxalq miqyasda tan\u0131nan apar\u0131c\u0131 \u015firk\u0259t\u0259 \u00e7evrilm\u0259kdir. Biz, tibbi l\u0259vazimatlar v\u0259 diaqnostik h\u0259ll\u0259r sah\u0259sind\u0259 qabaqc\u0131l texnologiyalar\u0131 \u00f6lk\u0259mizi t\u0259min etm\u0259kl\u0259 yana\u015f\u0131, h\u0259m d\u0259 s\u0259hiyy\u0259 sisteminin inki\u015faf\u0131na t\u00f6hf\u0259 ver\u0259n strateji t\u0259r\u0259fda\u015f olma\u011f\u0131 h\u0259d\u0259fl\u0259yirik.<\/p>\n<p>G\u0259l\u0259c\u0259y\u0259 bax\u0131\u015f\u0131m\u0131z g\u00fccl\u00fc komanda ruhu, etibarl\u0131 t\u0259r\u0259fda\u015fl\u0131q \u0259laq\u0259l\u0259ri, sosial m\u0259suliyy\u0259t\u0259 sadiqlik v\u0259 \u015f\u0259ffaf idar\u0259etm\u0259 prinsipl\u0259rin\u0259 \u0259saslan\u0131r. Biz inan\u0131r\u0131q ki, h\u0259r bir x\u0259st\u0259nin sa\u011flaml\u0131\u011f\u0131na dolay\u0131 yolla t\u00f6hf\u0259 verm\u0259k bizim f\u0259aliyy\u0259timizin \u0259sas m\u0259qs\u0259didir. Bu yolda ASMED\u0130CAL daim \u00f6yr\u0259n\u0259n, inki\u015faf ed\u0259n, \u00e7evik v\u0259 m\u0259suliyy\u0259tli bir t\u0259\u015fkilat olaraq sektorda n\u00fcmun\u0259 g\u00f6st\u0259ril\u0259n \u015firk\u0259t olmaq \u00fc\u00e7\u00fcn \u00e7al\u0131\u015f\u0131r.[\/vc_hoverbox][\/vc_column][\/vc_row]<\/p>\n","protected":false},"excerpt":{"rendered":"<p>[vc_row][vc_column width=&#8221;1\/2&#8243;][vc_hoverbox image=&#8221;12573&#8243; primary_title=&#8221;Missiya&#8221; hover_title=&#8221;Missiyam\u0131z:&#8221; css=&#8221;.vc_custom_1753364480244{padding-top: 40px !important;padding-bottom: 15px !important;}&#8221;] &nbsp; &nbsp; M\u00fc\u015ft\u0259ri ehtiyaclar\u0131n\u0131 \u0259n y\u00fcks\u0259k s\u0259viyy\u0259d\u0259 qar\u015f\u0131lamaq Etibarl\u0131 v\u0259 uzunm\u00fcdd\u0259tli t\u0259r\u0259fda\u015fl\u0131qlar qurmaq S\u0259hiyy\u0259 sah\u0259sind\u0259 innovativ v\u0259 effektiv h\u0259ll\u0259r t\u0259qdim etm\u0259k Keyfiyy\u0259t, etika v\u0259 \u015f\u0259ffafl\u0131q prinsipl\u0259rin\u0259 \u0259saslanmaq Komanda ruhu v\u0259 davaml\u0131 t\u0259liml\u0259 inki\u015faf\u0131 t\u0259\u015fviq etm\u0259k Sosial m\u0259suliyy\u0259t\u0259 \u00f6n\u0259m ver\u0259r\u0259k c\u0259miyy\u0259t\u0259 t\u00f6hf\u0259 verm\u0259k Texnologiya il\u0259 ayaqla\u015faraq [&hellip;]<\/p>\n","protected":false},"author":1,"featured_media":0,"parent":0,"menu_order":0,"comment_status":"closed","ping_status":"closed","template":"","meta":{"_acf_changed":false,"footnotes":""},"class_list":["post-12567","page","type-page","status-publish","hentry"],"acf":[],"_links":{"self":[{"href":"https:\/\/asmedical.az\/index.php?rest_route=\/wp\/v2\/pages\/12567","targetHints":{"allow":["GET"]}}],"collection":[{"href":"https:\/\/asmedical.az\/index.php?rest_route=\/wp\/v2\/pages"}],"about":[{"href":"https:\/\/asmedical.az\/index.php?rest_route=\/wp\/v2\/types\/page"}],"author":[{"embeddable":true,"href":"https:\/\/asmedical.az\/index.php?rest_route=\/wp\/v2\/users\/1"}],"replies":[{"embeddable":true,"href":"https:\/\/asmedical.az\/index.php?rest_route=%2Fwp%2Fv2%2Fcomments&post=12567"}],"version-history":[{"count":9,"href":"https:\/\/asmedical.az\/index.php?rest_route=\/wp\/v2\/pages\/12567\/revisions"}],"predecessor-version":[{"id":13245,"href":"https:\/\/asmedical.az\/index.php?rest_route=\/wp\/v2\/pages\/12567\/revisions\/13245"}],"wp:attachment":[{"href":"https:\/\/asmedical.az\/index.php?rest_route=%2Fwp%2Fv2%2Fmedia&parent=12567"}],"curies":[{"name":"wp","href":"https:\/\/api.w.org\/{rel}","templated":true}]}}